{"id":2853,"date":"2023-01-15T16:06:13","date_gmt":"2023-01-15T16:06:13","guid":{"rendered":"https:\/\/saentys.com\/about\/"},"modified":"2025-12-24T10:14:11","modified_gmt":"2025-12-24T10:14:11","slug":"apropos","status":"publish","type":"page","link":"https:\/\/saentys.com\/fr\/apropos\/","title":{"rendered":"\u00c0 propos"},"content":{"rendered":"","protected":false},"excerpt":{"rendered":"","protected":false},"author":4,"featured_media":0,"parent":0,"menu_order":0,"comment_status":"closed","ping_status":"closed","template":"","meta":{"_acf_changed":false},"class_list":["post-2853","page","type-page","status-publish","hentry"],"acf":[],"yoast_head":"<!-- This site is optimized with the Yoast SEO Premium plugin v26.5 (Yoast SEO v26.5) - https:\/\/yoast.com\/wordpress\/plugins\/seo\/ -->\n<title>SAENTYS | Agence en conseil strat\u00e9gique et cr\u00e9atif<\/title>\n<meta name=\"description\" content=\"Agence en conseil strat\u00e9gique et cr\u00e9atif pour le secteur de l&#039;immobilier et de l&#039;hospitalit\u00e9. Nous pensons que tout projet immobilier a le potentiel de se r\u00e9v\u00e9ler une destination unique, inspirante et singuli\u00e8re projects.\" \/>\n<meta name=\"robots\" content=\"index, follow, max-snippet:-1, max-image-preview:large, max-video-preview:-1\" \/>\n<link rel=\"canonical\" href=\"https:\/\/saentys.com\/fr\/apropos\/\" \/>\n<meta property=\"og:locale\" content=\"fr_FR\" \/>\n<meta property=\"og:type\" content=\"article\" \/>\n<meta property=\"og:title\" content=\"\u00c0 propos\" \/>\n<meta property=\"og:description\" content=\"Agence en conseil strat\u00e9gique et cr\u00e9atif pour le secteur de l&#039;immobilier et de l&#039;hospitalit\u00e9. Nous pensons que tout projet immobilier a le potentiel de se r\u00e9v\u00e9ler une destination unique, inspirante et singuli\u00e8re projects.\" \/>\n<meta property=\"og:url\" content=\"https:\/\/saentys.com\/fr\/apropos\/\" \/>\n<meta property=\"og:site_name\" content=\"Saentys\" \/>\n<meta property=\"article:publisher\" content=\"https:\/\/www.facebook.com\/saentys\" \/>\n<meta property=\"article:modified_time\" content=\"2025-12-24T10:14:11+00:00\" \/>\n<meta property=\"og:image\" content=\"https:\/\/saentys.com\/wp-content\/uploads\/2023\/02\/Saentys-Social-Graph.jpg\" \/>\n\t<meta property=\"og:image:width\" content=\"1200\" \/>\n\t<meta property=\"og:image:height\" content=\"675\" \/>\n\t<meta property=\"og:image:type\" content=\"image\/jpeg\" \/>\n<meta name=\"twitter:card\" content=\"summary_large_image\" \/>\n<meta name=\"twitter:site\" content=\"@saentys\" \/>\n<script type=\"application\/ld+json\" class=\"yoast-schema-graph\">{\"@context\":\"https:\/\/schema.org\",\"@graph\":[{\"@type\":\"WebPage\",\"@id\":\"https:\/\/saentys.com\/fr\/apropos\/\",\"url\":\"https:\/\/saentys.com\/fr\/apropos\/\",\"name\":\"SAENTYS | Agence en conseil strat\u00e9gique et cr\u00e9atif\",\"isPartOf\":{\"@id\":\"https:\/\/saentys.com\/fr\/#website\"},\"datePublished\":\"2023-01-15T16:06:13+00:00\",\"dateModified\":\"2025-12-24T10:14:11+00:00\",\"description\":\"Agence en conseil strat\u00e9gique et cr\u00e9atif pour le secteur de l'immobilier et de l'hospitalit\u00e9. Nous pensons que tout projet immobilier a le potentiel de se r\u00e9v\u00e9ler une destination unique, inspirante et singuli\u00e8re projects.\",\"breadcrumb\":{\"@id\":\"https:\/\/saentys.com\/fr\/apropos\/#breadcrumb\"},\"inLanguage\":\"fr-FR\",\"potentialAction\":[{\"@type\":\"ReadAction\",\"target\":[\"https:\/\/saentys.com\/fr\/apropos\/\"]}]},{\"@type\":\"BreadcrumbList\",\"@id\":\"https:\/\/saentys.com\/fr\/apropos\/#breadcrumb\",\"itemListElement\":[{\"@type\":\"ListItem\",\"position\":1,\"name\":\"Home\",\"item\":\"https:\/\/saentys.com\/fr\/\"},{\"@type\":\"ListItem\",\"position\":2,\"name\":\"\u00c0 propos\"}]},{\"@type\":\"WebSite\",\"@id\":\"https:\/\/saentys.com\/fr\/#website\",\"url\":\"https:\/\/saentys.com\/fr\/\",\"name\":\"SAENTYS\",\"description\":\"\",\"publisher\":{\"@id\":\"https:\/\/saentys.com\/fr\/#organization\"},\"potentialAction\":[{\"@type\":\"SearchAction\",\"target\":{\"@type\":\"EntryPoint\",\"urlTemplate\":\"https:\/\/saentys.com\/fr\/?s={search_term_string}\"},\"query-input\":{\"@type\":\"PropertyValueSpecification\",\"valueRequired\":true,\"valueName\":\"search_term_string\"}}],\"inLanguage\":\"fr-FR\"},{\"@type\":\"Organization\",\"@id\":\"https:\/\/saentys.com\/fr\/#organization\",\"name\":\"Saentys\",\"url\":\"https:\/\/saentys.com\/fr\/\",\"logo\":{\"@type\":\"ImageObject\",\"inLanguage\":\"fr-FR\",\"@id\":\"https:\/\/saentys.com\/fr\/#\/schema\/logo\/image\/\",\"url\":\"https:\/\/saentys.com\/wp-content\/uploads\/2023\/02\/logo-saentys-icon.png\",\"contentUrl\":\"https:\/\/saentys.com\/wp-content\/uploads\/2023\/02\/logo-saentys-icon.png\",\"width\":512,\"height\":512,\"caption\":\"Saentys\"},\"image\":{\"@id\":\"https:\/\/saentys.com\/fr\/#\/schema\/logo\/image\/\"},\"sameAs\":[\"https:\/\/www.facebook.com\/saentys\",\"https:\/\/x.com\/saentys\",\"https:\/\/www.linkedin.com\/company\/saentys\/\",\"https:\/\/vimeo.com\/saentys\"]}]}<\/script>\n<!-- \/ Yoast SEO Premium plugin. -->","yoast_head_json":{"title":"SAENTYS | Agence en conseil strat\u00e9gique et cr\u00e9atif","description":"Agence en conseil strat\u00e9gique et cr\u00e9atif pour le secteur de l'immobilier et de l'hospitalit\u00e9. Nous pensons que tout projet immobilier a le potentiel de se r\u00e9v\u00e9ler une destination unique, inspirante et singuli\u00e8re projects.","robots":{"index":"index","follow":"follow","max-snippet":"max-snippet:-1","max-image-preview":"max-image-preview:large","max-video-preview":"max-video-preview:-1"},"canonical":"https:\/\/saentys.com\/fr\/apropos\/","og_locale":"fr_FR","og_type":"article","og_title":"\u00c0 propos","og_description":"Agence en conseil strat\u00e9gique et cr\u00e9atif pour le secteur de l'immobilier et de l'hospitalit\u00e9. Nous pensons que tout projet immobilier a le potentiel de se r\u00e9v\u00e9ler une destination unique, inspirante et singuli\u00e8re projects.","og_url":"https:\/\/saentys.com\/fr\/apropos\/","og_site_name":"Saentys","article_publisher":"https:\/\/www.facebook.com\/saentys","article_modified_time":"2025-12-24T10:14:11+00:00","og_image":[{"width":1200,"height":675,"url":"https:\/\/saentys.com\/wp-content\/uploads\/2023\/02\/Saentys-Social-Graph.jpg","type":"image\/jpeg"}],"twitter_card":"summary_large_image","twitter_site":"@saentys","schema":{"@context":"https:\/\/schema.org","@graph":[{"@type":"WebPage","@id":"https:\/\/saentys.com\/fr\/apropos\/","url":"https:\/\/saentys.com\/fr\/apropos\/","name":"SAENTYS | Agence en conseil strat\u00e9gique et cr\u00e9atif","isPartOf":{"@id":"https:\/\/saentys.com\/fr\/#website"},"datePublished":"2023-01-15T16:06:13+00:00","dateModified":"2025-12-24T10:14:11+00:00","description":"Agence en conseil strat\u00e9gique et cr\u00e9atif pour le secteur de l'immobilier et de l'hospitalit\u00e9. Nous pensons que tout projet immobilier a le potentiel de se r\u00e9v\u00e9ler une destination unique, inspirante et singuli\u00e8re projects.","breadcrumb":{"@id":"https:\/\/saentys.com\/fr\/apropos\/#breadcrumb"},"inLanguage":"fr-FR","potentialAction":[{"@type":"ReadAction","target":["https:\/\/saentys.com\/fr\/apropos\/"]}]},{"@type":"BreadcrumbList","@id":"https:\/\/saentys.com\/fr\/apropos\/#breadcrumb","itemListElement":[{"@type":"ListItem","position":1,"name":"Home","item":"https:\/\/saentys.com\/fr\/"},{"@type":"ListItem","position":2,"name":"\u00c0 propos"}]},{"@type":"WebSite","@id":"https:\/\/saentys.com\/fr\/#website","url":"https:\/\/saentys.com\/fr\/","name":"SAENTYS","description":"","publisher":{"@id":"https:\/\/saentys.com\/fr\/#organization"},"potentialAction":[{"@type":"SearchAction","target":{"@type":"EntryPoint","urlTemplate":"https:\/\/saentys.com\/fr\/?s={search_term_string}"},"query-input":{"@type":"PropertyValueSpecification","valueRequired":true,"valueName":"search_term_string"}}],"inLanguage":"fr-FR"},{"@type":"Organization","@id":"https:\/\/saentys.com\/fr\/#organization","name":"Saentys","url":"https:\/\/saentys.com\/fr\/","logo":{"@type":"ImageObject","inLanguage":"fr-FR","@id":"https:\/\/saentys.com\/fr\/#\/schema\/logo\/image\/","url":"https:\/\/saentys.com\/wp-content\/uploads\/2023\/02\/logo-saentys-icon.png","contentUrl":"https:\/\/saentys.com\/wp-content\/uploads\/2023\/02\/logo-saentys-icon.png","width":512,"height":512,"caption":"Saentys"},"image":{"@id":"https:\/\/saentys.com\/fr\/#\/schema\/logo\/image\/"},"sameAs":["https:\/\/www.facebook.com\/saentys","https:\/\/x.com\/saentys","https:\/\/www.linkedin.com\/company\/saentys\/","https:\/\/vimeo.com\/saentys"]}]}},"_links":{"self":[{"href":"https:\/\/saentys.com\/fr\/wp-json\/wp\/v2\/pages\/2853","targetHints":{"allow":["GET"]}}],"collection":[{"href":"https:\/\/saentys.com\/fr\/wp-json\/wp\/v2\/pages"}],"about":[{"href":"https:\/\/saentys.com\/fr\/wp-json\/wp\/v2\/types\/page"}],"author":[{"embeddable":true,"href":"https:\/\/saentys.com\/fr\/wp-json\/wp\/v2\/users\/4"}],"replies":[{"embeddable":true,"href":"https:\/\/saentys.com\/fr\/wp-json\/wp\/v2\/comments?post=2853"}],"version-history":[{"count":0,"href":"https:\/\/saentys.com\/fr\/wp-json\/wp\/v2\/pages\/2853\/revisions"}],"wp:attachment":[{"href":"https:\/\/saentys.com\/fr\/wp-json\/wp\/v2\/media?parent=2853"}],"curies":[{"name":"wp","href":"https:\/\/api.w.org\/{rel}","templated":true}]}}